{"id":2127,"date":"2024-12-28T21:45:39","date_gmt":"2024-12-28T18:45:39","guid":{"rendered":"http:\/\/pratikiskele.com\/en\/?post_type=product&#038;p=2127"},"modified":"2025-01-29T22:38:33","modified_gmt":"2025-01-29T19:38:33","slug":"movable-type-scaffolding-system","status":"publish","type":"product","link":"https:\/\/pratikiskele.com\/en\/urun\/movable-type-scaffolding-system\/","title":{"rendered":"Movable Type Scaffolding System"},"content":{"rendered":"<div class=\"wpb-content-wrapper\"><p>[vc_row][vc_column width=&#8221;2\/3&#8243;][vc_column_text css=&#8221;&#8221;]<\/p>\n<h2 class=\"section-title\">Movable Type Scaffolding System<\/h2>\n<p class=\"p1\">Movable type scaffolds that may easily be used in indoor painting, coating, suspended ceiling, lighting, etc. works provides great opportunities for users.<\/p>\n<p class=\"p1\">They are made of TSE-certified \u00f848 x 2,5mm, \u00f834 x 2,5mm and \u00f827 x 2,5mm TSE black pipes.<\/p>\n<p class=\"p1\">They can be adjusted for any vertical distance and may be moved in any directions inside the location involved.<\/p>\n<p class=\"p1\">They are easy to carry and do not cover much space in storage.<\/p>\n<p>[\/vc_column_text][\/vc_column][vc_column width=&#8221;1\/3&#8243;][vc_custom_heading text=&#8221;Technical Document&#8221; font_container=&#8221;tag:h2|text_align:left|color:%23111111&#8243; use_theme_fonts=&#8221;yes&#8221; css=&#8221;&#8221;][vc_btn title=&#8221;PRODUCT TABLE&#8221; style=&#8221;3d&#8221; color=&#8221;warning&#8221; i_icon_fontawesome=&#8221;fas fa-file-pdf&#8221; css=&#8221;&#8221; add_icon=&#8221;true&#8221; link=&#8221;url:http%3A%2F%2Fpratikiskele.com%2Fen%2Fwp-content%2Fuploads%2F2025%2F01%2Fmobil-iskele-urun-tablosu.pdf|target:_blank&#8221;][vc_btn title=&#8221;SCAFFOLDING INSTALLATION&#8221; style=&#8221;3d&#8221; color=&#8221;warning&#8221; i_icon_fontawesome=&#8221;fas fa-file-pdf&#8221; css=&#8221;&#8221; add_icon=&#8221;true&#8221; link=&#8221;url:http%3A%2F%2Fpratikiskele.com%2Fen%2Fwp-content%2Fuploads%2F2025%2F01%2Fmobil-iskele-kurulum.pdf|target:_blank&#8221;][vc_btn title=&#8221;INSTALLATION VIDEO&#8221; style=&#8221;3d&#8221; color=&#8221;warning&#8221; i_icon_fontawesome=&#8221;fas fa-video&#8221; css=&#8221;&#8221; add_icon=&#8221;true&#8221;][\/vc_column][\/vc_row]<\/p>\n<\/div>","protected":false},"excerpt":{"rendered":"<h5 class=\"section-title\">Advantages of the System<\/h5>\r\n<ul>\r\n \t<li><a>It is perfect for your work in non-fixed high places.<\/a><\/li>\r\n \t<li><a>It is an extremely secure system that is easily installed with two people and has fast assembly and disassembly.<\/a><\/li>\r\n \t<li><a>Due to the width of the working area, it provides a comfortable working environment to workers.<\/a><\/li>\r\n \t<li><a>Because it is portable, it can be folded and stored easily.<\/a><\/li>\r\n \t<li><a>Production in special sizes can also be produced upon request.<\/a><\/li>\r\n<\/ul>","protected":false},"featured_media":2304,"comment_status":"closed","ping_status":"closed","template":"","meta":[],"product_brand":[],"product_cat":[15],"product_tag":[],"class_list":{"0":"post-2127","1":"product","2":"type-product","3":"status-publish","4":"has-post-thumbnail","6":"product_cat-scaffolding","8":"first","9":"instock","10":"shipping-taxable","11":"product-type-simple"},"_links":{"self":[{"href":"https:\/\/pratikiskele.com\/en\/wp-json\/wp\/v2\/product\/2127","targetHints":{"allow":["GET"]}}],"collection":[{"href":"https:\/\/pratikiskele.com\/en\/wp-json\/wp\/v2\/product"}],"about":[{"href":"https:\/\/pratikiskele.com\/en\/wp-json\/wp\/v2\/types\/product"}],"replies":[{"embeddable":true,"href":"https:\/\/pratikiskele.com\/en\/wp-json\/wp\/v2\/comments?post=2127"}],"wp:featuredmedia":[{"embeddable":true,"href":"https:\/\/pratikiskele.com\/en\/wp-json\/wp\/v2\/media\/2304"}],"wp:attachment":[{"href":"https:\/\/pratikiskele.com\/en\/wp-json\/wp\/v2\/media?parent=2127"}],"wp:term":[{"taxonomy":"product_brand","embeddable":true,"href":"https:\/\/pratikiskele.com\/en\/wp-json\/wp\/v2\/product_brand?post=2127"},{"taxonomy":"product_cat","embeddable":true,"href":"https:\/\/pratikiskele.com\/en\/wp-json\/wp\/v2\/product_cat?post=2127"},{"taxonomy":"product_tag","embeddable":true,"href":"https:\/\/pratikiskele.com\/en\/wp-json\/wp\/v2\/product_tag?post=2127"}],"curies":[{"name":"wp","href":"https:\/\/api.w.org\/{rel}","templated":true}]}}