{"id":531,"date":"2017-06-12T10:06:30","date_gmt":"2017-06-12T10:06:30","guid":{"rendered":"https:\/\/victorthemes.com\/themes\/roof\/?page_id=531"},"modified":"2025-01-29T17:35:40","modified_gmt":"2025-01-29T14:35:40","slug":"references","status":"publish","type":"page","link":"https:\/\/pratikiskele.com\/en\/references\/","title":{"rendered":"REFERENCES"},"content":{"rendered":"<div class=\"wpb-content-wrapper\"><p>[vc_row full_width=&#8221;stretch_row_content_no_spaces&#8221; overlay_dotted=&#8221;&#8221;][vc_column]\n    <section class=\"roof-works  roof-portfolio-69da6e10722bf works-style-three not-link\">\n          <ul class=\"nav navbar-nav filters-nav masonry-filters  roof-portfolio-69da6e10722bf\">\n      <li><a href=\"javascript:void(0);\" data-filter=\"*\" class=\"active\">All Projects<\/a><\/li>\n    <li><a href=\"javascript:void(0);\" data-filter=\".pratik-iskele-item\">PRAT\u0130K \u0130SKELE<\/a><\/li>\t\t<\/ul>\n          <div class=\"roof-masonry masonry-fullwidth bpw-col-4  \">\n          <div class=\"masonry-item pratik-iskele-item \" data-category=\"pratik-iskele-item \">\n        <div class=\"work-list\">\n          <div class=\"roof-picture\"> <img decoding=\"async\" src=\"https:\/\/pratikiskele.com\/en\/wp-content\/uploads\/2025\/01\/60ca6ac3-b549-401e-b2b9-fcfe5e4513bb-450x327.jpg\" alt=\"YDA GROUP THE KAYSER\u0130 FORUM RES\u0130DENCES\"><\/div>\n          <div class=\"work-info\">\n            <div class=\"roof-table-container\">\n              <div class=\"roof-align-container\">\n                <h5 class=\"work-title\"><a href=\"https:\/\/pratikiskele.com\/en\/portfolio\/yda-group-the-kayseri-forum-residences\/\">YDA GROUP THE KAYSER\u0130 FORUM RES\u0130DENCES<\/a><\/h5>\n                <h5 class=\"work-category\">\n                                      <span>pratik-iskele<\/span>\n                                  <\/h5>\n              <\/div>\n            <\/div>\n          <\/div>\n        <\/div>\n      <\/div>\n            <div class=\"masonry-item pratik-iskele-item \" data-category=\"pratik-iskele-item \">\n        <div class=\"work-list\">\n          <div class=\"roof-picture\"> <img decoding=\"async\" src=\"https:\/\/pratikiskele.com\/en\/wp-content\/uploads\/2025\/01\/kayseri-adalet-sarayi-3-450x327.jpg\" alt=\"KAYSER\u0130 S\u0130TA\u015e B\u00d6LGE MAHKEME \u0130N\u015eAATI\"><\/div>\n          <div class=\"work-info\">\n            <div class=\"roof-table-container\">\n              <div class=\"roof-align-container\">\n                <h5 class=\"work-title\"><a href=\"https:\/\/pratikiskele.com\/en\/portfolio\/kayseri-sitas-bolge-mahkeme-insaati\/\">KAYSER\u0130 S\u0130TA\u015e B\u00d6LGE MAHKEME \u0130N\u015eAATI<\/a><\/h5>\n                <h5 class=\"work-category\">\n                                      <span>pratik-iskele<\/span>\n                                  <\/h5>\n              <\/div>\n            <\/div>\n          <\/div>\n        <\/div>\n      <\/div>\n            <div class=\"masonry-item pratik-iskele-item \" data-category=\"pratik-iskele-item \">\n        <div class=\"work-list\">\n          <div class=\"roof-picture\"> <img decoding=\"async\" src=\"https:\/\/pratikiskele.com\/en\/wp-content\/uploads\/2025\/01\/irak_darin_group_family_mall-450x327.jpg\" alt=\"IRAK DARIN GROUP FAMILY MALL\"><\/div>\n          <div class=\"work-info\">\n            <div class=\"roof-table-container\">\n              <div class=\"roof-align-container\">\n                <h5 class=\"work-title\"><a href=\"https:\/\/pratikiskele.com\/en\/portfolio\/irak-darin-group-family-mall\/\">IRAK DARIN GROUP FAMILY MALL<\/a><\/h5>\n                <h5 class=\"work-category\">\n                                      <span>pratik-iskele<\/span>\n                                  <\/h5>\n              <\/div>\n            <\/div>\n          <\/div>\n        <\/div>\n      <\/div>\n            <div class=\"masonry-item pratik-iskele-item \" data-category=\"pratik-iskele-item \">\n        <div class=\"work-list\">\n          <div class=\"roof-picture\"> <img decoding=\"async\" src=\"https:\/\/pratikiskele.com\/en\/wp-content\/uploads\/2025\/01\/585415_Forum-Kayseri_Kayseri_WE2112_1_CW_Liegenschaftsseite_2400x1350-450x327.jpg\" alt=\"FORUMKAYSER\u0130  AVM PROJES\u0130\"><\/div>\n          <div class=\"work-info\">\n            <div class=\"roof-table-container\">\n              <div class=\"roof-align-container\">\n                <h5 class=\"work-title\"><a href=\"https:\/\/pratikiskele.com\/en\/portfolio\/forum-kayseri-avm-projesi\/\">FORUMKAYSER\u0130  AVM PROJES\u0130<\/a><\/h5>\n                <h5 class=\"work-category\">\n                                      <span>pratik-iskele<\/span>\n                                  <\/h5>\n              <\/div>\n            <\/div>\n          <\/div>\n        <\/div>\n      <\/div>\n            <div class=\"masonry-item pratik-iskele-item \" data-category=\"pratik-iskele-item \">\n        <div class=\"work-list\">\n          <div class=\"roof-picture\"> <img decoding=\"async\" src=\"https:\/\/pratikiskele.com\/en\/wp-content\/uploads\/2025\/01\/mardin-turkler-insaat-projesi-450x327.jpg\" alt=\"T\u00dcRKLER \u0130N\u015eAAT KONUT PROJES\u0130 \/ MARD\u0130N\"><\/div>\n          <div class=\"work-info\">\n            <div class=\"roof-table-container\">\n              <div class=\"roof-align-container\">\n                <h5 class=\"work-title\"><a href=\"https:\/\/pratikiskele.com\/en\/portfolio\/turkler-insaat-konut-projesi-mardin\/\">T\u00dcRKLER \u0130N\u015eAAT KONUT PROJES\u0130 \/ MARD\u0130N<\/a><\/h5>\n                <h5 class=\"work-category\">\n                                      <span>pratik-iskele<\/span>\n                                  <\/h5>\n              <\/div>\n            <\/div>\n          <\/div>\n        <\/div>\n      <\/div>\n            <div class=\"masonry-item pratik-iskele-item \" data-category=\"pratik-iskele-item \">\n        <div class=\"work-list\">\n          <div class=\"roof-picture\"> <img decoding=\"async\" src=\"https:\/\/pratikiskele.com\/en\/wp-content\/uploads\/2025\/01\/konya_kelebekler_vadisi-450x327.jpg\" alt=\"KONYA KELEBEKLER VAD\u0130S\u0130 PROJES\u0130\"><\/div>\n          <div class=\"work-info\">\n            <div class=\"roof-table-container\">\n              <div class=\"roof-align-container\">\n                <h5 class=\"work-title\"><a href=\"https:\/\/pratikiskele.com\/en\/portfolio\/konya-kelebekler-vadisi-projesi\/\">KONYA KELEBEKLER VAD\u0130S\u0130 PROJES\u0130<\/a><\/h5>\n                <h5 class=\"work-category\">\n                                      <span>pratik-iskele<\/span>\n                                  <\/h5>\n              <\/div>\n            <\/div>\n          <\/div>\n        <\/div>\n      <\/div>\n            <div class=\"masonry-item pratik-iskele-item \" data-category=\"pratik-iskele-item \">\n        <div class=\"work-list\">\n          <div class=\"roof-picture\"> <img decoding=\"async\" src=\"https:\/\/pratikiskele.com\/en\/wp-content\/uploads\/2025\/01\/adana_tufanbeyli_termik_santral-450x327.jpg\" alt=\"ADANA TERM\u0130K SANTRAL PROJES\u0130\"><\/div>\n          <div class=\"work-info\">\n            <div class=\"roof-table-container\">\n              <div class=\"roof-align-container\">\n                <h5 class=\"work-title\"><a href=\"https:\/\/pratikiskele.com\/en\/portfolio\/adana-termik-santral-projesi\/\">ADANA TERM\u0130K SANTRAL PROJES\u0130<\/a><\/h5>\n                <h5 class=\"work-category\">\n                                      <span>pratik-iskele<\/span>\n                                  <\/h5>\n              <\/div>\n            <\/div>\n          <\/div>\n        <\/div>\n      <\/div>\n            <div class=\"masonry-item pratik-iskele-item \" data-category=\"pratik-iskele-item \">\n        <div class=\"work-list\">\n          <div class=\"roof-picture\"> <img decoding=\"async\" src=\"https:\/\/pratikiskele.com\/en\/wp-content\/uploads\/2025\/01\/yeni-sakarya-stadyumu-acilisi-duyurusu-51310-450x327.jpg\" alt=\"SAKARYA \u015eEH\u0130R STANDYUM PROJES\u0130\"><\/div>\n          <div class=\"work-info\">\n            <div class=\"roof-table-container\">\n              <div class=\"roof-align-container\">\n                <h5 class=\"work-title\"><a href=\"https:\/\/pratikiskele.com\/en\/portfolio\/sakarya-sehir-standyum-projesi\/\">SAKARYA \u015eEH\u0130R STANDYUM PROJES\u0130<\/a><\/h5>\n                <h5 class=\"work-category\">\n                                      <span>pratik-iskele<\/span>\n                                  <\/h5>\n              <\/div>\n            <\/div>\n          <\/div>\n        <\/div>\n      <\/div>\n      \n    <\/div>\n    <div class=\"all-project\"><span class=\"roof-btn roof-btn-medium roof-btn-orange-border\">All Projects<\/span><\/div>        <\/section>\n    <!-- Portfolio End -->\n\n    [\/vc_column][\/vc_row]<\/p>\n<\/div>","protected":false},"excerpt":{"rendered":"[vc_row full_width=&#8221;stretch_row_content_no_spaces&#8221; overlay_dotted=&#8221;&#8221;][vc_column][\/vc_column][\/vc_row]","protected":false},"author":1,"featured_media":0,"parent":0,"menu_order":0,"comment_status":"closed","ping_status":"closed","template":"","meta":{"footnotes":""},"class_list":["post-531","page","type-page","status-publish","hentry"],"_links":{"self":[{"href":"https:\/\/pratikiskele.com\/en\/wp-json\/wp\/v2\/pages\/531","targetHints":{"allow":["GET"]}}],"collection":[{"href":"https:\/\/pratikiskele.com\/en\/wp-json\/wp\/v2\/pages"}],"about":[{"href":"https:\/\/pratikiskele.com\/en\/wp-json\/wp\/v2\/types\/page"}],"author":[{"embeddable":true,"href":"https:\/\/pratikiskele.com\/en\/wp-json\/wp\/v2\/users\/1"}],"replies":[{"embeddable":true,"href":"https:\/\/pratikiskele.com\/en\/wp-json\/wp\/v2\/comments?post=531"}],"version-history":[{"count":2,"href":"https:\/\/pratikiskele.com\/en\/wp-json\/wp\/v2\/pages\/531\/revisions"}],"predecessor-version":[{"id":2455,"href":"https:\/\/pratikiskele.com\/en\/wp-json\/wp\/v2\/pages\/531\/revisions\/2455"}],"wp:attachment":[{"href":"https:\/\/pratikiskele.com\/en\/wp-json\/wp\/v2\/media?parent=531"}],"curies":[{"name":"wp","href":"https:\/\/api.w.org\/{rel}","templated":true}]}}